{"id":177,"date":"2025-08-12T03:31:38","date_gmt":"2025-08-12T03:31:38","guid":{"rendered":"https:\/\/pumasafaritorresdelpaine.com\/?page_id=177"},"modified":"2025-08-12T03:36:50","modified_gmt":"2025-08-12T03:36:50","slug":"reembolso_devoluciones","status":"publish","type":"page","link":"https:\/\/pumasafaritorresdelpaine.com\/en\/reembolso_devoluciones\/","title":{"rendered":"Pol\u00edticas de Pago y Cancelaci\u00f3n"},"content":{"rendered":"<div data-elementor-type=\"wp-page\" data-elementor-id=\"177\" class=\"elementor elementor-177\" data-elementor-post-type=\"page\">\n\t\t\t\t<div class=\"elementor-element elementor-element-3bde98cd e-flex e-con-boxed e-con e-parent\" data-id=\"3bde98cd\" data-element_type=\"container\">\n\t\t\t\t\t<div class=\"e-con-inner\">\n\t\t\t\t<div class=\"elementor-element elementor-element-9eb674d elementor-widget elementor-widget-heading\" data-id=\"9eb674d\" data-element_type=\"widget\" data-widget_type=\"heading.default\">\n\t\t\t\t<div class=\"elementor-widget-container\">\n\t\t\t\t\t<h1 class=\"elementor-heading-title elementor-size-default\">Pol\u00edticas de Pago y Cancelaci\u00f3n<\/h1>\t\t\t\t<\/div>\n\t\t\t\t<\/div>\n\t\t\t\t<div class=\"elementor-element elementor-element-537531fb elementor-widget elementor-widget-text-editor\" data-id=\"537531fb\" data-element_type=\"widget\" data-widget_type=\"text-editor.default\">\n\t\t\t\t<div class=\"elementor-widget-container\">\n\t\t\t\t\t\t\t\t\t<h2><strong>Pago del Tour<\/strong><\/h2>\n<p>&#8211; El monto del dep\u00f3sito es de $500 USD por persona.<br \/>&#8211; El pago total de la tarifa del tour se debe pagar 90 d\u00edas antes de la salida del tour.<\/p>\n<h2><strong>Nota Importante<\/strong><\/h2>\n<p>Las consultas recibidas los s\u00e1bados, domingos y feriados ser\u00e1n respondidas durante el siguiente d\u00eda h\u00e1bil.<\/p>\n<h2>Pol\u00edtica de Cancelaci\u00f3n<\/h2>\n<p>&#8211; El aviso de cancelaci\u00f3n solo puede aceptarse POR ESCRITO de la persona que firm\u00f3 el formulario de reserva y surte efecto el d\u00eda que recibamos dicho aviso.<br \/>&#8211; Los reembolsos se realizan de acuerdo con el siguiente calendario:<br \/>&#8211; Si la cancelaci\u00f3n se realiza 120 d\u00edas o m\u00e1s antes de la fecha de salida, el dep\u00f3sito menos $200 USD es reembolsable.<br \/>&#8211; Si la cancelaci\u00f3n se realiza entre 120 y 60 d\u00edas antes de la salida, el dep\u00f3sito no es reembolsable, pero se reembolsar\u00e1 cualquier pago que cubra el saldo de la tarifa.<br \/>&#8211; Si la cancelaci\u00f3n se realiza menos de 60 d\u00edas antes de la fecha de salida, no hay reembolso disponible.<\/p>\n<h2>Aplicaci\u00f3n de la Pol\u00edtica<\/h2>\n<p>Esta pol\u00edtica y programa de tarifas tambi\u00e9n se aplica a las extensiones previas y posteriores al viaje, as\u00ed como a cualquier transferencia de un recorrido a otro.<\/p>\n<h2>Recomendaci\u00f3n<\/h2>\n<p>Recomendamos encarecidamente la compra de un seguro de cancelaci\u00f3n de viaje para protegerse<\/p>\t\t\t\t\t\t\t\t<\/div>\n\t\t\t\t<\/div>\n\t\t\t\t\t<\/div>\n\t\t\t\t<\/div>\n\t\t\t\t<\/div>","protected":false},"excerpt":{"rendered":"<p>Pol\u00edticas de Pago y Cancelaci\u00f3n Pago del Tour &#8211; El monto del dep\u00f3sito es de $500 USD por persona.&#8211; El pago total de la tarifa del tour se debe pagar 90 d\u00edas antes de la salida del tour. Nota Importante Las consultas recibidas los s\u00e1bados, domingos y feriados ser\u00e1n respondidas durante el siguiente d\u00eda h\u00e1bil. [&hellip;]<\/p>","protected":false},"author":1,"featured_media":0,"parent":0,"menu_order":0,"comment_status":"closed","ping_status":"closed","template":"","meta":{"footnotes":""},"class_list":["post-177","page","type-page","status-publish","hentry"],"_links":{"self":[{"href":"https:\/\/pumasafaritorresdelpaine.com\/en\/wp-json\/wp\/v2\/pages\/177","targetHints":{"allow":["GET"]}}],"collection":[{"href":"https:\/\/pumasafaritorresdelpaine.com\/en\/wp-json\/wp\/v2\/pages"}],"about":[{"href":"https:\/\/pumasafaritorresdelpaine.com\/en\/wp-json\/wp\/v2\/types\/page"}],"author":[{"embeddable":true,"href":"https:\/\/pumasafaritorresdelpaine.com\/en\/wp-json\/wp\/v2\/users\/1"}],"replies":[{"embeddable":true,"href":"https:\/\/pumasafaritorresdelpaine.com\/en\/wp-json\/wp\/v2\/comments?post=177"}],"version-history":[{"count":4,"href":"https:\/\/pumasafaritorresdelpaine.com\/en\/wp-json\/wp\/v2\/pages\/177\/revisions"}],"predecessor-version":[{"id":864,"href":"https:\/\/pumasafaritorresdelpaine.com\/en\/wp-json\/wp\/v2\/pages\/177\/revisions\/864"}],"wp:attachment":[{"href":"https:\/\/pumasafaritorresdelpaine.com\/en\/wp-json\/wp\/v2\/media?parent=177"}],"curies":[{"name":"wp","href":"https:\/\/api.w.org\/{rel}","templated":true}]}}