{"id":3,"date":"2025-06-19T14:13:06","date_gmt":"2025-06-19T14:13:06","guid":{"rendered":"https:\/\/pumasafaritorresdelpaine.com\/?page_id=3"},"modified":"2025-07-29T01:48:07","modified_gmt":"2025-07-29T01:48:07","slug":"privacy-policy","status":"publish","type":"page","link":"https:\/\/pumasafaritorresdelpaine.com\/en\/privacy-policy\/","title":{"rendered":"Privacy Policy"},"content":{"rendered":"<div data-elementor-type=\"wp-page\" data-elementor-id=\"3\" class=\"elementor elementor-3\" data-elementor-post-type=\"page\">\n\t\t\t\t<div class=\"elementor-element elementor-element-36373c48 e-flex e-con-boxed e-con e-parent\" data-id=\"36373c48\" data-element_type=\"container\">\n\t\t\t\t\t<div class=\"e-con-inner\">\n\t\t\t\t<div class=\"elementor-element elementor-element-c725f42 elementor-widget elementor-widget-heading\" data-id=\"c725f42\" data-element_type=\"widget\" data-widget_type=\"heading.default\">\n\t\t\t\t<div class=\"elementor-widget-container\">\n\t\t\t\t\t<h2 class=\"elementor-heading-title elementor-size-default\">Privacy Policy<\/h2>\t\t\t\t<\/div>\n\t\t\t\t<\/div>\n\t\t\t\t<div class=\"elementor-element elementor-element-7e5012eb elementor-widget elementor-widget-text-editor\" data-id=\"7e5012eb\" data-element_type=\"widget\" data-widget_type=\"text-editor.default\">\n\t\t\t\t<div class=\"elementor-widget-container\">\n\t\t\t\t\t\t\t\t\t<p data-start=\"429\" data-end=\"770\">En <strong data-start=\"432\" data-end=\"464\">Puma Safari Torres del Paine<\/strong> (<a class=\"\" href=\"https:\/\/pumasafaritorresdelpaine.com\/en\/\" target=\"_new\" rel=\"noopener\" data-start=\"466\" data-end=\"498\">www.pumasafaritorresdelpaine.com<\/a>), valoramos y respetamos tu privacidad. Esta Pol\u00edtica de Privacidad explica c\u00f3mo recopilamos, utilizamos, almacenamos y protegemos la informaci\u00f3n personal que nos entregas al interactuar con nuestro sitio web, especialmente al reservar o comprar alguno de nuestros tours.<\/p>\n<p data-start=\"429\" data-end=\"770\">\u00a0<\/p>\n<h3 data-start=\"777\" data-end=\"816\">1. \u00bfQu\u00e9 informaci\u00f3n recopilamos?<\/h3>\n<p data-start=\"817\" data-end=\"925\">Cuando reservas un tour, te suscribes o completas un formulario, podemos recopilar la siguiente informaci\u00f3n:<\/p>\n<ul data-start=\"927\" data-end=\"1236\">\n<li data-start=\"927\" data-end=\"946\">\n<p data-start=\"929\" data-end=\"946\">Nombre completo<\/p>\n<\/li>\n<li data-start=\"927\" data-end=\"946\">\n<p data-start=\"929\" data-end=\"946\">Edad<\/p>\n<\/li>\n<li data-start=\"947\" data-end=\"969\">\n<p data-start=\"949\" data-end=\"969\">Correo electr\u00f3nico<\/p>\n<\/li>\n<li data-start=\"970\" data-end=\"992\">\n<p data-start=\"972\" data-end=\"992\">N\u00famero de tel\u00e9fono<\/p>\n<\/li>\n<li data-start=\"993\" data-end=\"1009\">\n<p data-start=\"995\" data-end=\"1009\">Nacionalidad<\/p>\n<\/li>\n<li data-start=\"1010\" data-end=\"1048\">\n<p data-start=\"1012\" data-end=\"1048\">Fecha de viaje y duraci\u00f3n del tour<\/p>\n<\/li>\n<li data-start=\"1049\" data-end=\"1147\">\n<p data-start=\"1051\" data-end=\"1147\">Informaci\u00f3n de pago (gestionada por plataformas seguras externas como Flow, PayPal, u otras)<\/p>\n<\/li>\n<li data-start=\"1148\" data-end=\"1236\">\n<p data-start=\"1150\" data-end=\"1236\">Preferencias alimenticias u observaciones relacionadas con tu experiencia (opcional)<\/p>\n<\/li>\n<\/ul>\n<p data-start=\"1238\" data-end=\"1409\">Adem\u00e1s, usamos cookies y herramientas de an\u00e1lisis para recopilar informaci\u00f3n sobre tu navegaci\u00f3n (IP, tipo de dispositivo, duraci\u00f3n de la visita, p\u00e1ginas visitadas, etc.).<\/p>\n<h3 data-start=\"1416\" data-end=\"1458\">\u00a0<\/h3>\n<h3 data-start=\"1416\" data-end=\"1458\">2. \u00bfPara qu\u00e9 usamos tu informaci\u00f3n?<\/h3>\n<p data-start=\"1459\" data-end=\"1494\">Tu informaci\u00f3n ser\u00e1 utilizada para:<\/p>\n<ul data-start=\"1496\" data-end=\"1837\">\n<li data-start=\"1496\" data-end=\"1539\">\n<p data-start=\"1498\" data-end=\"1539\">Procesar y confirmar reservas de tours.<\/p>\n<\/li>\n<li data-start=\"1540\" data-end=\"1582\">\n<p data-start=\"1542\" data-end=\"1582\">Gestionar pagos y emitir comprobantes.<\/p>\n<\/li>\n<li data-start=\"1583\" data-end=\"1634\">\n<p data-start=\"1585\" data-end=\"1634\">Comunicarnos contigo antes y despu\u00e9s del viaje.<\/p>\n<\/li>\n<li data-start=\"1635\" data-end=\"1689\">\n<p data-start=\"1637\" data-end=\"1689\">Mejorar tu experiencia de usuario en el sitio web.<\/p>\n<\/li>\n<li data-start=\"1690\" data-end=\"1837\">\n<p data-start=\"1692\" data-end=\"1837\">Enviarte informaci\u00f3n relevante, promociones o actualizaciones si te suscribes a nuestro newsletter (puedes darte de baja en cualquier momento).<\/p>\n<\/li>\n<\/ul>\n<p data-start=\"1839\" data-end=\"1931\"><strong data-start=\"1839\" data-end=\"1931\">No vendemos, arrendamos ni compartimos tus datos personales con terceros no autorizados.<\/strong><\/p>\n<p data-start=\"1839\" data-end=\"1931\">\u00a0<\/p>\n<h3 data-start=\"1938\" data-end=\"1986\">3. \u00bfCon qui\u00e9n compartimos tu informaci\u00f3n?<\/h3>\n<p data-start=\"1987\" data-end=\"2025\">Solo compartiremos tu informaci\u00f3n con:<\/p>\n<ul data-start=\"2027\" data-end=\"2205\">\n<li data-start=\"2027\" data-end=\"2164\">\n<p data-start=\"2029\" data-end=\"2164\">Proveedores de servicios necesarios para la operaci\u00f3n del sitio y el tour (plataformas de pago, software de reservas, email marketing).<\/p>\n<\/li>\n<li data-start=\"2165\" data-end=\"2205\">\n<p data-start=\"2167\" data-end=\"2205\">Autoridades si as\u00ed lo requiere la ley.<\/p>\n<\/li>\n<\/ul>\n<p data-start=\"2207\" data-end=\"2277\">Todos los terceros cumplen con normas de seguridad y confidencialidad.<\/p>\n<p data-start=\"2207\" data-end=\"2277\">\u00a0<\/p>\n<h3 data-start=\"2284\" data-end=\"2321\">4. Seguridad de la informaci\u00f3n<\/h3>\n<p data-start=\"2322\" data-end=\"2525\">Tomamos medidas de seguridad t\u00e9cnicas y organizativas para proteger tus datos. Nuestro sitio utiliza <strong data-start=\"2423\" data-end=\"2453\">conexiones seguras (HTTPS)<\/strong> y trabajamos con plataformas confiables para el procesamiento de pagos.<\/p>\n<h3 data-start=\"2532\" data-end=\"2562\">\u00a0<\/h3>\n<h3 data-start=\"2532\" data-end=\"2562\">5. Derechos del usuario<\/h3>\n<p data-start=\"2563\" data-end=\"2592\">Puedes, en cualquier momento:<\/p>\n<ul data-start=\"2594\" data-end=\"2748\">\n<li data-start=\"2594\" data-end=\"2648\">\n<p data-start=\"2596\" data-end=\"2648\">Solicitar acceso a los datos que tenemos sobre ti.<\/p>\n<\/li>\n<li data-start=\"2649\" data-end=\"2697\">\n<p data-start=\"2651\" data-end=\"2697\">Rectificar, actualizar o eliminar tus datos.<\/p>\n<\/li>\n<li data-start=\"2698\" data-end=\"2748\">\n<p data-start=\"2700\" data-end=\"2748\">Retirar tu consentimiento para comunicaciones.<\/p>\n<\/li>\n<\/ul>\n<p data-start=\"2750\" data-end=\"2849\">Solo debes escribirnos a: <a href=\"mailto:contacto@pumasafaritorresdelpaine.com\"><strong data-start=\"2776\" data-end=\"2797\">contacto@pumasafaritorresdelpaine.com<\/strong><\/a>\u00a0o usar los enlaces disponibles en nuestros correos.<\/p>\n<h3 data-start=\"2856\" data-end=\"2873\">\u00a0<\/h3>\n<h3 data-start=\"2856\" data-end=\"2873\">6. Cookies<\/h3>\n<p data-start=\"2874\" data-end=\"3075\">Utilizamos cookies para mejorar tu experiencia de navegaci\u00f3n. Puedes aceptar o rechazar su uso desde tu navegador.<\/p>\n<h3 data-start=\"3082\" data-end=\"3115\">\u00a0<\/h3>\n<h3 data-start=\"3082\" data-end=\"3115\">7. Cambios a esta pol\u00edtica<\/h3>\n<p data-start=\"3116\" data-end=\"3277\">Nos reservamos el derecho de modificar esta pol\u00edtica para adaptarnos a cambios legales o mejoras del servicio. Los cambios ser\u00e1n publicados en esta misma p\u00e1gina.<\/p>\n<h3 data-start=\"3284\" data-end=\"3302\">\u00a0<\/h3>\n<h3 data-start=\"3284\" data-end=\"3302\">8. Contacto<\/h3>\n<p data-start=\"3303\" data-end=\"3385\">Si tienes dudas sobre esta pol\u00edtica o sobre c\u00f3mo tratamos tus datos, escr\u00edbenos a:<\/p>\n<p data-start=\"3387\" data-end=\"3463\"><img decoding=\"async\" class=\"emoji\" role=\"img\" draggable=\"false\" src=\"https:\/\/s.w.org\/images\/core\/emoji\/16.0.1\/svg\/1f4e7.svg\" alt=\"\ud83d\udce7\" \/> <a href=\"mailto:contacto@pumasafaritorresdelpaine.com\"><strong data-start=\"2776\" data-end=\"2797\">contacto@pumasafaritorresdelpaine.com<\/strong><\/a><br data-start=\"3412\" data-end=\"3415\" \/><br \/><\/p>\t\t\t\t\t\t\t\t<\/div>\n\t\t\t\t<\/div>\n\t\t\t\t\t<\/div>\n\t\t\t\t<\/div>\n\t\t\t\t<\/div>","protected":false},"excerpt":{"rendered":"<p>Pol\u00edticas de Privacidad En Puma Safari Torres del Paine (www.pumasafaritorresdelpaine.com), valoramos y respetamos tu privacidad. Esta Pol\u00edtica de Privacidad explica c\u00f3mo recopilamos, utilizamos, almacenamos y protegemos la informaci\u00f3n personal que nos entregas al interactuar con nuestro sitio web, especialmente al reservar o comprar alguno de nuestros tours. \u00a0 1. \u00bfQu\u00e9 informaci\u00f3n recopilamos? Cuando reservas un [&hellip;]<\/p>","protected":false},"author":1,"featured_media":0,"parent":0,"menu_order":0,"comment_status":"closed","ping_status":"open","template":"","meta":{"footnotes":""},"class_list":["post-3","page","type-page","status-publish","hentry"],"_links":{"self":[{"href":"https:\/\/pumasafaritorresdelpaine.com\/en\/wp-json\/wp\/v2\/pages\/3","targetHints":{"allow":["GET"]}}],"collection":[{"href":"https:\/\/pumasafaritorresdelpaine.com\/en\/wp-json\/wp\/v2\/pages"}],"about":[{"href":"https:\/\/pumasafaritorresdelpaine.com\/en\/wp-json\/wp\/v2\/types\/page"}],"author":[{"embeddable":true,"href":"https:\/\/pumasafaritorresdelpaine.com\/en\/wp-json\/wp\/v2\/users\/1"}],"replies":[{"embeddable":true,"href":"https:\/\/pumasafaritorresdelpaine.com\/en\/wp-json\/wp\/v2\/comments?post=3"}],"version-history":[{"count":3,"href":"https:\/\/pumasafaritorresdelpaine.com\/en\/wp-json\/wp\/v2\/pages\/3\/revisions"}],"predecessor-version":[{"id":704,"href":"https:\/\/pumasafaritorresdelpaine.com\/en\/wp-json\/wp\/v2\/pages\/3\/revisions\/704"}],"wp:attachment":[{"href":"https:\/\/pumasafaritorresdelpaine.com\/en\/wp-json\/wp\/v2\/media?parent=3"}],"curies":[{"name":"wp","href":"https:\/\/api.w.org\/{rel}","templated":true}]}}