{"id":467,"date":"2025-07-22T23:20:13","date_gmt":"2025-07-22T23:20:13","guid":{"rendered":"https:\/\/pumasafaritorresdelpaine.com\/?page_id=467"},"modified":"2025-10-09T20:56:37","modified_gmt":"2025-10-09T23:56:37","slug":"faq","status":"publish","type":"page","link":"https:\/\/pumasafaritorresdelpaine.com\/en\/faq\/","title":{"rendered":"FAQ"},"content":{"rendered":"<div data-elementor-type=\"wp-page\" data-elementor-id=\"467\" class=\"elementor elementor-467\" data-elementor-post-type=\"page\">\n\t\t\t\t\t\t<section class=\"elementor-section elementor-top-section elementor-element elementor-element-6854d853 elementor-reverse-tablet elementor-reverse-mobile elementor-section-boxed elementor-section-height-default elementor-section-height-default\" data-id=\"6854d853\" data-element_type=\"section\" data-settings=\"{&quot;background_background&quot;:&quot;classic&quot;}\">\n\t\t\t\t\t\t\t<div class=\"elementor-background-overlay\"><\/div>\n\t\t\t\t\t\t\t<div class=\"elementor-container elementor-column-gap-default\">\n\t\t\t\t\t<div class=\"elementor-column elementor-col-100 elementor-top-column elementor-element elementor-element-15cdd924\" data-id=\"15cdd924\" data-element_type=\"column\">\n\t\t\t<div class=\"elementor-widget-wrap elementor-element-populated\">\n\t\t\t\t\t\t<div class=\"elementor-element elementor-element-72be5370 elementor-widget elementor-widget-heading\" data-id=\"72be5370\" data-element_type=\"widget\" data-widget_type=\"heading.default\">\n\t\t\t\t<div class=\"elementor-widget-container\">\n\t\t\t\t\t<h1 class=\"elementor-heading-title elementor-size-default\">Frequently Asked Questions<\/h1>\t\t\t\t<\/div>\n\t\t\t\t<\/div>\n\t\t\t\t<div class=\"elementor-element elementor-element-77e3c9a5 elementor-align-center elementor-icon-list--layout-inline elementor-mobile-align-center elementor-list-item-link-full_width elementor-widget elementor-widget-icon-list\" data-id=\"77e3c9a5\" data-element_type=\"widget\" data-widget_type=\"icon-list.default\">\n\t\t\t\t<div class=\"elementor-widget-container\">\n\t\t\t\t\t\t\t<ul class=\"elementor-icon-list-items elementor-inline-items\">\n\t\t\t\t\t\t\t<li class=\"elementor-icon-list-item elementor-inline-item\">\n\t\t\t\t\t\t\t\t\t\t\t<a href=\"https:\/\/pumasafaritorresdelpaine.com\/en\">\n\n\t\t\t\t\t\t\t\t\t\t\t<span class=\"elementor-icon-list-text\">Home<\/span>\n\t\t\t\t\t\t\t\t\t\t\t<\/a>\n\t\t\t\t\t\t\t\t\t<\/li>\n\t\t\t\t\t\t\t\t<li class=\"elementor-icon-list-item elementor-inline-item\">\n\t\t\t\t\t\t\t\t\t\t\t<span class=\"elementor-icon-list-icon\">\n\t\t\t\t\t\t\t<svg aria-hidden=\"true\" class=\"e-font-icon-svg e-fas-chevron-right\" viewbox=\"0 0 320 512\" xmlns=\"http:\/\/www.w3.org\/2000\/svg\"><path d=\"M285.476 272.971L91.132 467.314c-9.373 9.373-24.569 9.373-33.941 0l-22.667-22.667c-9.357-9.357-9.375-24.522-.04-33.901L188.505 256 34.484 101.255c-9.335-9.379-9.317-24.544.04-33.901l22.667-22.667c9.373-9.373 24.569-9.373 33.941 0L285.475 239.03c9.373 9.372 9.373 24.568.001 33.941z\"><\/path><\/svg>\t\t\t\t\t\t<\/span>\n\t\t\t\t\t\t\t\t\t\t<span class=\"elementor-icon-list-text\">FAQ<\/span>\n\t\t\t\t\t\t\t\t\t<\/li>\n\t\t\t\t\t\t<\/ul>\n\t\t\t\t\t\t<\/div>\n\t\t\t\t<\/div>\n\t\t\t\t\t<\/div>\n\t\t<\/div>\n\t\t\t\t\t<\/div>\n\t\t<\/section>\n\t\t\t\t<section class=\"elementor-section elementor-top-section elementor-element elementor-element-548d238 elementor-section-boxed elementor-section-height-default elementor-section-height-default\" data-id=\"548d238\" data-element_type=\"section\" data-settings=\"{&quot;background_background&quot;:&quot;classic&quot;}\">\n\t\t\t\t\t\t\t<div class=\"elementor-background-overlay\"><\/div>\n\t\t\t\t\t\t\t<div class=\"elementor-container elementor-column-gap-default\">\n\t\t\t\t\t<div class=\"elementor-column elementor-col-100 elementor-top-column elementor-element elementor-element-54e9c078\" data-id=\"54e9c078\" data-element_type=\"column\">\n\t\t\t<div class=\"elementor-widget-wrap elementor-element-populated\">\n\t\t\t\t\t\t<div class=\"elementor-element elementor-element-196bcf9d elementor-widget elementor-widget-heading\" data-id=\"196bcf9d\" data-element_type=\"widget\" data-widget_type=\"heading.default\">\n\t\t\t\t<div class=\"elementor-widget-container\">\n\t\t\t\t\t<h2 class=\"elementor-heading-title elementor-size-default\">Do you have questions about our safaris?<\/h2>\t\t\t\t<\/div>\n\t\t\t\t<\/div>\n\t\t\t\t<div class=\"elementor-element elementor-element-2875f84 elementor-widget elementor-widget-text-editor\" data-id=\"2875f84\" data-element_type=\"widget\" data-widget_type=\"text-editor.default\">\n\t\t\t\t<div class=\"elementor-widget-container\">\n\t\t\t\t\t\t\t\t\t<p>Here we answer the most common questions about our photographic safaris in Torres del Paine. From how to book to what to bring, find everything you need to know before living an unforgettable experience with the Patagonian pumas.<\/p>\t\t\t\t\t\t\t\t<\/div>\n\t\t\t\t<\/div>\n\t\t\t\t<section class=\"elementor-section elementor-inner-section elementor-element elementor-element-76b34fc9 elementor-section-boxed elementor-section-height-default elementor-section-height-default\" data-id=\"76b34fc9\" data-element_type=\"section\">\n\t\t\t\t\t\t<div class=\"elementor-container elementor-column-gap-no\">\n\t\t\t\t\t<div class=\"elementor-column elementor-col-50 elementor-inner-column elementor-element elementor-element-5588f141\" data-id=\"5588f141\" data-element_type=\"column\">\n\t\t\t<div class=\"elementor-widget-wrap elementor-element-populated\">\n\t\t\t\t\t\t<div class=\"elementor-element elementor-element-664683b elementor-widget elementor-widget-qi_addons_for_elementor_image_gallery_masonry\" data-id=\"664683b\" data-element_type=\"widget\" data-widget_type=\"qi_addons_for_elementor_image_gallery_masonry.default\">\n\t\t\t\t<div class=\"elementor-widget-container\">\n\t\t\t\t\t<div class=\"qodef-shortcode qodef-m qodef-qi-image-gallery-masonry qodef-qi-fslightbox-popup qodef-popup-gallery qodef-image--hover-zoom qodef-qi-grid qodef-layout--qi-masonry qodef-items--fixed qodef-col-num--3 qodef-responsive--custom qodef-col-num--1680--3 qodef-col-num--1440--3 qodef-col-num--1366--3 qodef-col-num--1024--3 qodef-col-num--768--3 qodef-col-num--680--3 qodef-col-num--480--3\">\n\t<div class=\"qodef-grid-inner\">\n\t\t\t<div class=\"qodef-qi-grid-masonry-sizer\"><\/div>\n<div class=\"qodef-e qodef-image-wrapper qodef-grid-item qodef-item--\">\n\t<div class=\"qodef-e-inner\">\n\t\t\t\t\t<a class=\"qodef-popup-item\" itemprop=\"image\" href=\"https:\/\/pumasafaritorresdelpaine.com\/wp-content\/uploads\/2025\/06\/MG_4048-scaled.avif\" data-type=\"image\" data-fslightbox=\"gallery-1\">\n\t\t\t\t\t<img fetchpriority=\"high\" decoding=\"async\" width=\"2560\" height=\"1436\" src=\"https:\/\/pumasafaritorresdelpaine.com\/wp-content\/uploads\/2025\/06\/MG_4048-scaled.avif\" class=\"attachment- size-\" alt=\"\" srcset=\"https:\/\/pumasafaritorresdelpaine.com\/wp-content\/uploads\/2025\/06\/MG_4048-scaled.avif 2560w, https:\/\/pumasafaritorresdelpaine.com\/wp-content\/uploads\/2025\/06\/MG_4048-scaled-600x337.avif 600w, https:\/\/pumasafaritorresdelpaine.com\/wp-content\/uploads\/2025\/06\/MG_4048-300x168.avif 300w, https:\/\/pumasafaritorresdelpaine.com\/wp-content\/uploads\/2025\/06\/MG_4048-1024x574.avif 1024w, https:\/\/pumasafaritorresdelpaine.com\/wp-content\/uploads\/2025\/06\/MG_4048-768x431.avif 768w, https:\/\/pumasafaritorresdelpaine.com\/wp-content\/uploads\/2025\/06\/MG_4048-1536x862.avif 1536w, https:\/\/pumasafaritorresdelpaine.com\/wp-content\/uploads\/2025\/06\/MG_4048-2048x1149.avif 2048w\" sizes=\"(max-width: 2560px) 100vw, 2560px\" \/>\t\t\t\t\t<\/a>\n\t\t\t<\/div>\n<\/div>\n<div class=\"qodef-e qodef-image-wrapper qodef-grid-item qodef-item--\">\n\t<div class=\"qodef-e-inner\">\n\t\t\t\t\t<a class=\"qodef-popup-item\" itemprop=\"image\" href=\"https:\/\/pumasafaritorresdelpaine.com\/wp-content\/uploads\/2025\/06\/MG_2431-scaled-e1750906314739.avif\" data-type=\"image\" data-fslightbox=\"gallery-1\">\n\t\t\t\t\t<img decoding=\"async\" width=\"1365\" height=\"1510\" src=\"https:\/\/pumasafaritorresdelpaine.com\/wp-content\/uploads\/2025\/06\/MG_2431-scaled-e1750906314739.avif\" class=\"attachment- size-\" alt=\"\" srcset=\"https:\/\/pumasafaritorresdelpaine.com\/wp-content\/uploads\/2025\/06\/MG_2431-scaled-e1750906314739.avif 1365w, https:\/\/pumasafaritorresdelpaine.com\/wp-content\/uploads\/2025\/06\/MG_2431-scaled-e1750906314739-600x664.avif 600w, https:\/\/pumasafaritorresdelpaine.com\/wp-content\/uploads\/2025\/06\/MG_2431-scaled-e1750906314739-271x300.avif 271w, https:\/\/pumasafaritorresdelpaine.com\/wp-content\/uploads\/2025\/06\/MG_2431-scaled-e1750906314739-926x1024.avif 926w, https:\/\/pumasafaritorresdelpaine.com\/wp-content\/uploads\/2025\/06\/MG_2431-scaled-e1750906314739-768x850.avif 768w\" sizes=\"(max-width: 1365px) 100vw, 1365px\" \/>\t\t\t\t\t<\/a>\n\t\t\t<\/div>\n<\/div>\n<div class=\"qodef-e qodef-image-wrapper qodef-grid-item qodef-item--\">\n\t<div class=\"qodef-e-inner\">\n\t\t\t\t\t<a class=\"qodef-popup-item\" itemprop=\"image\" href=\"https:\/\/pumasafaritorresdelpaine.com\/wp-content\/uploads\/2025\/07\/MG_4708-scaled.webp\" data-type=\"image\" data-fslightbox=\"gallery-1\">\n\t\t\t\t\t<img decoding=\"async\" width=\"2560\" height=\"1439\" src=\"https:\/\/pumasafaritorresdelpaine.com\/wp-content\/uploads\/2025\/07\/MG_4708-scaled.webp\" class=\"attachment- size-\" alt=\"\" srcset=\"https:\/\/pumasafaritorresdelpaine.com\/wp-content\/uploads\/2025\/07\/MG_4708-scaled.webp 2560w, https:\/\/pumasafaritorresdelpaine.com\/wp-content\/uploads\/2025\/07\/MG_4708-300x169.webp 300w, https:\/\/pumasafaritorresdelpaine.com\/wp-content\/uploads\/2025\/07\/MG_4708-1024x575.webp 1024w, https:\/\/pumasafaritorresdelpaine.com\/wp-content\/uploads\/2025\/07\/MG_4708-768x432.webp 768w, https:\/\/pumasafaritorresdelpaine.com\/wp-content\/uploads\/2025\/07\/MG_4708-1536x863.webp 1536w, https:\/\/pumasafaritorresdelpaine.com\/wp-content\/uploads\/2025\/07\/MG_4708-2048x1151.webp 2048w, https:\/\/pumasafaritorresdelpaine.com\/wp-content\/uploads\/2025\/07\/MG_4708-600x337.webp 600w\" sizes=\"(max-width: 2560px) 100vw, 2560px\" \/>\t\t\t\t\t<\/a>\n\t\t\t<\/div>\n<\/div>\n<div class=\"qodef-e qodef-image-wrapper qodef-grid-item qodef-item--\">\n\t<div class=\"qodef-e-inner\">\n\t\t\t\t\t<a class=\"qodef-popup-item\" itemprop=\"image\" href=\"https:\/\/pumasafaritorresdelpaine.com\/wp-content\/uploads\/2025\/06\/MG_7268-2-scaled.avif\" data-type=\"image\" data-fslightbox=\"gallery-1\">\n\t\t\t\t\t<img loading=\"lazy\" decoding=\"async\" width=\"2560\" height=\"1597\" src=\"https:\/\/pumasafaritorresdelpaine.com\/wp-content\/uploads\/2025\/06\/MG_7268-2-scaled.avif\" class=\"attachment- size-\" alt=\"\" srcset=\"https:\/\/pumasafaritorresdelpaine.com\/wp-content\/uploads\/2025\/06\/MG_7268-2-scaled.avif 2560w, https:\/\/pumasafaritorresdelpaine.com\/wp-content\/uploads\/2025\/06\/MG_7268-2-scaled-600x374.avif 600w, https:\/\/pumasafaritorresdelpaine.com\/wp-content\/uploads\/2025\/06\/MG_7268-2-300x187.avif 300w, https:\/\/pumasafaritorresdelpaine.com\/wp-content\/uploads\/2025\/06\/MG_7268-2-1024x639.avif 1024w, https:\/\/pumasafaritorresdelpaine.com\/wp-content\/uploads\/2025\/06\/MG_7268-2-768x479.avif 768w, https:\/\/pumasafaritorresdelpaine.com\/wp-content\/uploads\/2025\/06\/MG_7268-2-1536x958.avif 1536w, https:\/\/pumasafaritorresdelpaine.com\/wp-content\/uploads\/2025\/06\/MG_7268-2-2048x1278.avif 2048w\" sizes=\"(max-width: 2560px) 100vw, 2560px\" \/>\t\t\t\t\t<\/a>\n\t\t\t<\/div>\n<\/div>\n<div class=\"qodef-e qodef-image-wrapper qodef-grid-item qodef-item--\">\n\t<div class=\"qodef-e-inner\">\n\t\t\t\t\t<a class=\"qodef-popup-item\" itemprop=\"image\" href=\"https:\/\/pumasafaritorresdelpaine.com\/wp-content\/uploads\/2025\/06\/MG_8033-scaled.avif\" data-type=\"image\" data-fslightbox=\"gallery-1\">\n\t\t\t\t\t<img loading=\"lazy\" decoding=\"async\" width=\"2560\" height=\"1567\" src=\"https:\/\/pumasafaritorresdelpaine.com\/wp-content\/uploads\/2025\/06\/MG_8033-scaled.avif\" class=\"attachment- size-\" alt=\"\" srcset=\"https:\/\/pumasafaritorresdelpaine.com\/wp-content\/uploads\/2025\/06\/MG_8033-scaled.avif 2560w, https:\/\/pumasafaritorresdelpaine.com\/wp-content\/uploads\/2025\/06\/MG_8033-scaled-600x367.avif 600w, https:\/\/pumasafaritorresdelpaine.com\/wp-content\/uploads\/2025\/06\/MG_8033-300x184.avif 300w, https:\/\/pumasafaritorresdelpaine.com\/wp-content\/uploads\/2025\/06\/MG_8033-1024x627.avif 1024w, https:\/\/pumasafaritorresdelpaine.com\/wp-content\/uploads\/2025\/06\/MG_8033-768x470.avif 768w, https:\/\/pumasafaritorresdelpaine.com\/wp-content\/uploads\/2025\/06\/MG_8033-1536x940.avif 1536w, https:\/\/pumasafaritorresdelpaine.com\/wp-content\/uploads\/2025\/06\/MG_8033-2048x1254.avif 2048w\" sizes=\"(max-width: 2560px) 100vw, 2560px\" \/>\t\t\t\t\t<\/a>\n\t\t\t<\/div>\n<\/div>\n<div class=\"qodef-e qodef-image-wrapper qodef-grid-item qodef-item--\">\n\t<div class=\"qodef-e-inner\">\n\t\t\t\t\t<a class=\"qodef-popup-item\" itemprop=\"image\" href=\"https:\/\/pumasafaritorresdelpaine.com\/wp-content\/uploads\/2025\/07\/MG_9426.webp\" data-type=\"image\" data-fslightbox=\"gallery-1\">\n\t\t\t\t\t<img loading=\"lazy\" decoding=\"async\" width=\"1554\" height=\"944\" src=\"https:\/\/pumasafaritorresdelpaine.com\/wp-content\/uploads\/2025\/07\/MG_9426.webp\" class=\"attachment- size-\" alt=\"\" srcset=\"https:\/\/pumasafaritorresdelpaine.com\/wp-content\/uploads\/2025\/07\/MG_9426.webp 1554w, https:\/\/pumasafaritorresdelpaine.com\/wp-content\/uploads\/2025\/07\/MG_9426-300x182.webp 300w, https:\/\/pumasafaritorresdelpaine.com\/wp-content\/uploads\/2025\/07\/MG_9426-1024x622.webp 1024w, https:\/\/pumasafaritorresdelpaine.com\/wp-content\/uploads\/2025\/07\/MG_9426-768x467.webp 768w, https:\/\/pumasafaritorresdelpaine.com\/wp-content\/uploads\/2025\/07\/MG_9426-1536x933.webp 1536w, https:\/\/pumasafaritorresdelpaine.com\/wp-content\/uploads\/2025\/07\/MG_9426-600x364.webp 600w\" sizes=\"(max-width: 1554px) 100vw, 1554px\" \/>\t\t\t\t\t<\/a>\n\t\t\t<\/div>\n<\/div>\n\t<\/div>\n<\/div>\n\t\t\t\t<\/div>\n\t\t\t\t<\/div>\n\t\t\t\t\t<\/div>\n\t\t<\/div>\n\t\t\t\t<div class=\"elementor-column elementor-col-50 elementor-inner-column elementor-element elementor-element-33e29e4c\" data-id=\"33e29e4c\" data-element_type=\"column\">\n\t\t\t<div class=\"elementor-widget-wrap elementor-element-populated\">\n\t\t\t\t\t\t<div class=\"elementor-element elementor-element-2cda2ab elementor-widget elementor-widget-jkit_accordion\" data-id=\"2cda2ab\" data-element_type=\"widget\" data-widget_type=\"jkit_accordion.default\">\n\t\t\t\t<div class=\"elementor-widget-container\">\n\t\t\t\t\t<div  class=\"jeg-elementor-kit jkit-accordion style-default jeg_module___69f28753310c6\" ><div class=\"card-wrapper expand\">\n                <div class=\"card-header\">\n                    <a href=\"#expand-75c9e32\" class=\"card-header-button\" aria-expanded=\"false\" data-target=\"#expand-75c9e32\" aria-controls=\"expand-75c9e32\">\n                        <div class=\"left-icon-group\">\n                <div class=\"normal-icon\"><i aria-hidden=\"true\" class=\"jki jki-plus-light\"><\/i><\/div>\n                <div class=\"active-icon\"><i aria-hidden=\"true\" class=\"jki jki-minus-light\"><\/i><\/div>\n            <\/div><span class=\"title\">What is the cost of the safari?<\/span>\n                    <\/a>\n                <\/div>\n                <div class=\"card-expand\" id=\"expand-75c9e32\" style=\"display:block\"><div class=\"card-body\"><p>It varies depending on the package and the duration of the activity.<\/p><\/div><\/div>\n            <\/div><div class=\"card-wrapper\">\n                <div class=\"card-header\">\n                    <a href=\"#expand-2ce8f08\" class=\"card-header-button\" aria-expanded=\"false\" data-target=\"#expand-2ce8f08\" aria-controls=\"expand-2ce8f08\">\n                        <div class=\"left-icon-group\">\n                <div class=\"normal-icon\"><i aria-hidden=\"true\" class=\"jki jki-plus-light\"><\/i><\/div>\n                <div class=\"active-icon\"><i aria-hidden=\"true\" class=\"jki jki-minus-light\"><\/i><\/div>\n            <\/div><span class=\"title\">What does the package include?<\/span>\n                    <\/a>\n                <\/div>\n                <div class=\"card-expand\" id=\"expand-2ce8f08\" style=\"display:none\"><div class=\"card-body\"><p>It generally includes transportation, a specialized guide, a puma tracker, accommodation, and meals.<\/p><\/div><\/div>\n            <\/div><div class=\"card-wrapper\">\n                <div class=\"card-header\">\n                    <a href=\"#expand-cf689ee\" class=\"card-header-button\" aria-expanded=\"false\" data-target=\"#expand-cf689ee\" aria-controls=\"expand-cf689ee\">\n                        <div class=\"left-icon-group\">\n                <div class=\"normal-icon\"><i aria-hidden=\"true\" class=\"jki jki-plus-light\"><\/i><\/div>\n                <div class=\"active-icon\"><i aria-hidden=\"true\" class=\"jki jki-minus-light\"><\/i><\/div>\n            <\/div><span class=\"title\">Do I need previous safari experience?<\/span>\n                    <\/a>\n                <\/div>\n                <div class=\"card-expand\" id=\"expand-cf689ee\" style=\"display:none\"><div class=\"card-body\"><p>No, our guides are trained to assist people of all experience levels.<\/p><\/div><\/div>\n            <\/div><\/div>\t\t\t\t<\/div>\n\t\t\t\t<\/div>\n\t\t\t\t\t<\/div>\n\t\t<\/div>\n\t\t\t\t\t<\/div>\n\t\t<\/section>\n\t\t\t\t\t<\/div>\n\t\t<\/div>\n\t\t\t\t\t<\/div>\n\t\t<\/section>\n\t\t<div class=\"elementor-element elementor-element-9085a23 e-flex e-con-boxed e-con e-parent\" data-id=\"9085a23\" data-element_type=\"container\">\n\t\t\t\t\t<div class=\"e-con-inner\">\n\t\t<div class=\"elementor-element elementor-element-bb63802 e-con-full e-flex e-con e-child\" data-id=\"bb63802\" data-element_type=\"container\">\n\t\t\t\t<div class=\"elementor-element elementor-element-4a6f01d elementor-widget elementor-widget-heading\" data-id=\"4a6f01d\" data-element_type=\"widget\" data-widget_type=\"heading.default\">\n\t\t\t\t<div class=\"elementor-widget-container\">\n\t\t\t\t\t<h2 class=\"elementor-heading-title elementor-size-default\">Summer Season <br> (December to March)<\/h2>\t\t\t\t<\/div>\n\t\t\t\t<\/div>\n\t\t\t\t<div class=\"elementor-element elementor-element-df62315 elementor-widget elementor-widget-jkit_accordion\" data-id=\"df62315\" data-element_type=\"widget\" data-widget_type=\"jkit_accordion.default\">\n\t\t\t\t<div class=\"elementor-widget-container\">\n\t\t\t\t\t<div  class=\"jeg-elementor-kit jkit-accordion style-default jeg_module__1_69f2875331a82\" ><div class=\"card-wrapper expand\">\n                <div class=\"card-header\">\n                    <a href=\"#expand-75c9e32\" class=\"card-header-button\" aria-expanded=\"false\" data-target=\"#expand-75c9e32\" aria-controls=\"expand-75c9e32\">\n                        <div class=\"left-icon-group\">\n                <div class=\"normal-icon\"><i aria-hidden=\"true\" class=\"jki jki-plus-light\"><\/i><\/div>\n                <div class=\"active-icon\"><i aria-hidden=\"true\" class=\"jki jki-minus-light\"><\/i><\/div>\n            <\/div><span class=\"title\">When is the best time to see pumas in summer?<\/span>\n                    <\/a>\n                <\/div>\n                <div class=\"card-expand\" id=\"expand-75c9e32\" style=\"display:block\"><div class=\"card-body\"><p>The best time is at sunrise and sunset, when pumas are most active.<\/p><\/div><\/div>\n            <\/div><div class=\"card-wrapper\">\n                <div class=\"card-header\">\n                    <a href=\"#expand-2ce8f08\" class=\"card-header-button\" aria-expanded=\"false\" data-target=\"#expand-2ce8f08\" aria-controls=\"expand-2ce8f08\">\n                        <div class=\"left-icon-group\">\n                <div class=\"normal-icon\"><i aria-hidden=\"true\" class=\"jki jki-plus-light\"><\/i><\/div>\n                <div class=\"active-icon\"><i aria-hidden=\"true\" class=\"jki jki-minus-light\"><\/i><\/div>\n            <\/div><span class=\"title\">What clothes should I bring?<\/span>\n                    <\/a>\n                <\/div>\n                <div class=\"card-expand\" id=\"expand-2ce8f08\" style=\"display:none\"><div class=\"card-body\"><p>Light, comfortable clothing, sunscreen, and insect repellent.<\/p><\/div><\/div>\n            <\/div><div class=\"card-wrapper\">\n                <div class=\"card-header\">\n                    <a href=\"#expand-cf689ee\" class=\"card-header-button\" aria-expanded=\"false\" data-target=\"#expand-cf689ee\" aria-controls=\"expand-cf689ee\">\n                        <div class=\"left-icon-group\">\n                <div class=\"normal-icon\"><i aria-hidden=\"true\" class=\"jki jki-plus-light\"><\/i><\/div>\n                <div class=\"active-icon\"><i aria-hidden=\"true\" class=\"jki jki-minus-light\"><\/i><\/div>\n            <\/div><span class=\"title\">How long is the safari?<\/span>\n                    <\/a>\n                <\/div>\n                <div class=\"card-expand\" id=\"expand-cf689ee\" style=\"display:none\"><div class=\"card-body\"><p>It varies depending on the package, but it generally lasts between 5 and 7 days.<\/p><\/div><\/div>\n            <\/div><\/div>\t\t\t\t<\/div>\n\t\t\t\t<\/div>\n\t\t\t\t<\/div>\n\t\t<div class=\"elementor-element elementor-element-140b4e7 e-con-full e-flex e-con e-child\" data-id=\"140b4e7\" data-element_type=\"container\">\n\t\t\t\t<div class=\"elementor-element elementor-element-1376738 elementor-widget elementor-widget-heading\" data-id=\"1376738\" data-element_type=\"widget\" data-widget_type=\"heading.default\">\n\t\t\t\t<div class=\"elementor-widget-container\">\n\t\t\t\t\t<h2 class=\"elementor-heading-title elementor-size-default\">Winter Season <br>(June to September)<\/h2>\t\t\t\t<\/div>\n\t\t\t\t<\/div>\n\t\t\t\t<div class=\"elementor-element elementor-element-9971ff2 elementor-widget elementor-widget-jkit_accordion\" data-id=\"9971ff2\" data-element_type=\"widget\" data-widget_type=\"jkit_accordion.default\">\n\t\t\t\t<div class=\"elementor-widget-container\">\n\t\t\t\t\t<div  class=\"jeg-elementor-kit jkit-accordion style-default jeg_module__2_69f2875332366\" ><div class=\"card-wrapper expand\">\n                <div class=\"card-header\">\n                    <a href=\"#expand-cf689ee\" class=\"card-header-button\" aria-expanded=\"false\" data-target=\"#expand-cf689ee\" aria-controls=\"expand-cf689ee\">\n                        <div class=\"left-icon-group\">\n                <div class=\"normal-icon\"><i aria-hidden=\"true\" class=\"jki jki-plus-light\"><\/i><\/div>\n                <div class=\"active-icon\"><i aria-hidden=\"true\" class=\"jki jki-minus-light\"><\/i><\/div>\n            <\/div><span class=\"title\">Is it safe to go on a safari in winter?<\/span>\n                    <\/a>\n                <\/div>\n                <div class=\"card-expand\" id=\"expand-cf689ee\" style=\"display:block\"><div class=\"card-body\"><p>Yes, as long as the necessary precautions are taken and you follow the guide.<\/p><\/div><\/div>\n            <\/div><div class=\"card-wrapper\">\n                <div class=\"card-header\">\n                    <a href=\"#expand-0ee4098\" class=\"card-header-button\" aria-expanded=\"false\" data-target=\"#expand-0ee4098\" aria-controls=\"expand-0ee4098\">\n                        <div class=\"left-icon-group\">\n                <div class=\"normal-icon\"><i aria-hidden=\"true\" class=\"jki jki-plus-light\"><\/i><\/div>\n                <div class=\"active-icon\"><i aria-hidden=\"true\" class=\"jki jki-minus-light\"><\/i><\/div>\n            <\/div><span class=\"title\">What clothes should I bring?<\/span>\n                    <\/a>\n                <\/div>\n                <div class=\"card-expand\" id=\"expand-0ee4098\" style=\"display:none\"><div class=\"card-body\"><p>Warm, wind- and rain-resistant clothing.<\/p><\/div><\/div>\n            <\/div><div class=\"card-wrapper\">\n                <div class=\"card-header\">\n                    <a href=\"#expand-2ce8f08\" class=\"card-header-button\" aria-expanded=\"false\" data-target=\"#expand-2ce8f08\" aria-controls=\"expand-2ce8f08\">\n                        <div class=\"left-icon-group\">\n                <div class=\"normal-icon\"><i aria-hidden=\"true\" class=\"jki jki-plus-light\"><\/i><\/div>\n                <div class=\"active-icon\"><i aria-hidden=\"true\" class=\"jki jki-minus-light\"><\/i><\/div>\n            <\/div><span class=\"title\">Does snow affect puma visibility?<\/span>\n                    <\/a>\n                <\/div>\n                <div class=\"card-expand\" id=\"expand-2ce8f08\" style=\"display:none\"><div class=\"card-body\"><p>Snow can help track pumas, but it can also make visibility more difficult.<\/p><\/div><\/div>\n            <\/div><\/div>\t\t\t\t<\/div>\n\t\t\t\t<\/div>\n\t\t\t\t<\/div>\n\t\t\t\t\t<\/div>\n\t\t\t\t<\/div>\n\t\t\t\t<\/div>","protected":false},"excerpt":{"rendered":"<p>Preguntas Frecuentes Home FAQ \u00bfTienes dudas sobre nuestros safaris? Aqu\u00ed respondemos las preguntas m\u00e1s comunes sobre nuestros safaris fotogr\u00e1ficos en Torres del Paine. Desde c\u00f3mo reservar hasta qu\u00e9 llevar, encuentra todo lo que necesitas saber antes de vivir una experiencia inolvidable junto a los pumas patag\u00f3nicos. \u00bfCu\u00e1l es el costo del safari? Var\u00eda seg\u00fan el [&hellip;]<\/p>","protected":false},"author":1,"featured_media":0,"parent":0,"menu_order":0,"comment_status":"closed","ping_status":"closed","template":"elementor_header_footer","meta":{"footnotes":""},"class_list":["post-467","page","type-page","status-publish","hentry"],"_links":{"self":[{"href":"https:\/\/pumasafaritorresdelpaine.com\/en\/wp-json\/wp\/v2\/pages\/467","targetHints":{"allow":["GET"]}}],"collection":[{"href":"https:\/\/pumasafaritorresdelpaine.com\/en\/wp-json\/wp\/v2\/pages"}],"about":[{"href":"https:\/\/pumasafaritorresdelpaine.com\/en\/wp-json\/wp\/v2\/types\/page"}],"author":[{"embeddable":true,"href":"https:\/\/pumasafaritorresdelpaine.com\/en\/wp-json\/wp\/v2\/users\/1"}],"replies":[{"embeddable":true,"href":"https:\/\/pumasafaritorresdelpaine.com\/en\/wp-json\/wp\/v2\/comments?post=467"}],"version-history":[{"count":28,"href":"https:\/\/pumasafaritorresdelpaine.com\/en\/wp-json\/wp\/v2\/pages\/467\/revisions"}],"predecessor-version":[{"id":1128,"href":"https:\/\/pumasafaritorresdelpaine.com\/en\/wp-json\/wp\/v2\/pages\/467\/revisions\/1128"}],"wp:attachment":[{"href":"https:\/\/pumasafaritorresdelpaine.com\/en\/wp-json\/wp\/v2\/media?parent=467"}],"curies":[{"name":"wp","href":"https:\/\/api.w.org\/{rel}","templated":true}]}}